{"id":1341,"date":"2016-07-07T17:40:15","date_gmt":"2016-07-07T17:40:15","guid":{"rendered":"https:\/\/courses.worktopia.ca\/fr\/?page_id=1341"},"modified":"2017-01-12T18:03:33","modified_gmt":"2017-01-12T18:03:33","slug":"a-propos-de-nous","status":"publish","type":"page","link":"https:\/\/courses.worktopia.ca\/fr\/","title":{"rendered":"Bienvenue au portail d\u2019apprentissage de Worktopia !"},"content":{"rendered":"<p><span style=\"font-weight: 400;\">Le portail d\u2019apprentissage en-ligne de Worktopia a \u00e9t\u00e9 cr\u00e9\u00e9 pour faciliter le partage des modules compl\u00e9mentaires du curriculum EmploymentWorks Canada (EWC). Ces modules qui sont appel\u00e9s \u201cles compagnons de curriculum\u201d, ont \u00e9t\u00e9 cr\u00e9\u00e9s pour offrir des id\u00e9es qui soutiennent l&#8217;ex\u00e9cution du programme EWC et pour renforcer les connaissances et les comp\u00e9tences dont les individus ont besoins pour r\u00e9aliser le programme. Bien que les modules ont \u00e9t\u00e9 cr\u00e9\u00e9s pour le programme EWC, nous croyons que les sujets et l\u2019information sont importants pour tous les programmes de Worktopia et c\u2019est pour cela que nous sommes heureux de partager l&#8217;acc\u00e8s avec tous les individus qui sont impliqu\u00e9s avec Worktopia. Depuis le mois d&#8217;ao\u00fbt 2016, le portail comprend \u00e9galement un nouveau module en-ligne de sant\u00e9 mentale qui est ax\u00e9 sur l\u2019autisme.<\/span><\/p>\n<p><span style=\"font-weight: 400;\">Notre but est d\u2019avoir une grande vari\u00e9t\u00e9 de modules d\u2019apprentissage qui aborde les probl\u00e8mes compliqu\u00e9s et les comp\u00e9tences n\u00e9cessaires pour bien \u00e9quiper le personnel des programmes Worktopia. Nous tenons \u00e0 travailler avec nos partenaires qui ont beaucoup d&#8217;exp\u00e9riences et d\u2019expertise pour continuer l&#8217;am\u00e9lioration des efforts existants et de d\u00e9velopper de nouveaux modules. Si vous \u00eates d\u00e9j\u00e0 l\u2019employ\u00e9 id\u00e9al ou vous ne faites que commencer votre carri\u00e8re, nous esp\u00e9rons fortement que vous allez prendre le temps d\u2019explorer chaque module et que vous allez partager votre exp\u00e9rience avec nous.<\/span><\/p>\n<p><span style=\"font-weight: 400;\">Pour les nouveaux utilisateurs, veuillez <a href=\"https:\/\/courses.worktopia.ca\/fr\/s-inscrire\/\">cliquer<\/a> le lien et suivre les directives pour vous cr\u00e9er un nouveau compte qui vous donnera acc\u00e8s aux modules.<\/span><\/p>\n<p><span style=\"font-weight: 400;\">Pour tous les utilisateurs, vos suggestions et commentaires concernant l&#8217;am\u00e9lioration ou d\u00e9veloppement de nouveaux modules sont bien appr\u00e9ci\u00e9s et nous vous encourageons \u00e0 partager vos opinions en remplissant les formulaires ou en nous envoyant un courriel a <a href=\"mailto:feedback@worktopia.ca\">feedback@worktopia.ca<\/a>.<\/span><\/p>\n","protected":false},"excerpt":{"rendered":"<p>Le portail d\u2019apprentissage en-ligne de Worktopia a \u00e9t\u00e9 cr\u00e9\u00e9 pour faciliter le partage des modules compl\u00e9mentaires du curriculum EmploymentWorks Canada (EWC). Ces modules qui sont appel\u00e9s \u201cles compagnons de curriculum\u201d, ont \u00e9t\u00e9 cr\u00e9\u00e9s pour offrir des id\u00e9es qui soutiennent l&#8217;ex\u00e9cution du programme EWC et pour renforcer les connaissances et les comp\u00e9tences dont les individus ont &hellip; <a href=\"https:\/\/courses.worktopia.ca\/fr\/\" class=\"more-link\">Lire la suite<span class=\"screen-reader-text\"> &#8220;Bienvenue au portail d\u2019apprentissage de Worktopia !&#8221;<\/span><\/a><\/p>\n","protected":false},"author":1,"featured_media":0,"parent":0,"menu_order":0,"comment_status":"open","ping_status":"open","template":"","meta":{"_bbp_topic_count":0,"_bbp_reply_count":0,"_bbp_total_topic_count":0,"_bbp_total_reply_count":0,"_bbp_voice_count":0,"_bbp_anonymous_reply_count":0,"_bbp_topic_count_hidden":0,"_bbp_reply_count_hidden":0,"_bbp_forum_subforum_count":0,"footnotes":""},"class_list":["post-1341","page","type-page","status-publish","hentry"],"_links":{"self":[{"href":"https:\/\/courses.worktopia.ca\/fr\/wp-json\/wp\/v2\/pages\/1341","targetHints":{"allow":["GET"]}}],"collection":[{"href":"https:\/\/courses.worktopia.ca\/fr\/wp-json\/wp\/v2\/pages"}],"about":[{"href":"https:\/\/courses.worktopia.ca\/fr\/wp-json\/wp\/v2\/types\/page"}],"author":[{"embeddable":true,"href":"https:\/\/courses.worktopia.ca\/fr\/wp-json\/wp\/v2\/users\/1"}],"replies":[{"embeddable":true,"href":"https:\/\/courses.worktopia.ca\/fr\/wp-json\/wp\/v2\/comments?post=1341"}],"version-history":[{"count":3,"href":"https:\/\/courses.worktopia.ca\/fr\/wp-json\/wp\/v2\/pages\/1341\/revisions"}],"predecessor-version":[{"id":2334,"href":"https:\/\/courses.worktopia.ca\/fr\/wp-json\/wp\/v2\/pages\/1341\/revisions\/2334"}],"wp:attachment":[{"href":"https:\/\/courses.worktopia.ca\/fr\/wp-json\/wp\/v2\/media?parent=1341"}],"curies":[{"name":"wp","href":"https:\/\/api.w.org\/{rel}","templated":true}]}}